{"id":4243,"date":"2018-12-06T10:07:43","date_gmt":"2018-12-06T10:07:43","guid":{"rendered":"https:\/\/ecc-event.com\/impressum-englisch\/"},"modified":"2020-01-10T08:50:26","modified_gmt":"2020-01-10T08:50:26","slug":"imprint","status":"publish","type":"page","link":"https:\/\/ecc-event.com\/en\/imprint\/","title":{"rendered":"imprint"},"content":{"rendered":"<div id=\"cs-content\" class=\"cs-content\"><\/div>\n","protected":false},"excerpt":{"rendered":"<p>Imprint Information pursuant to \u00a7 5 TMG: European Calf Conference GmbH Moorweg 6 24784 Westerr\u00f6nfeld Represented by the managing directors: Gesch\u00e4ftsf\u00fchrer: Lina Scharmukschnis, Holger Kruse &#8230; <\/p>\n<div><a href=\"https:\/\/ecc-event.com\/en\/imprint\/\" class=\"more-link\">Read More<\/a><\/div>\n","protected":false},"author":8,"featured_media":0,"parent":0,"menu_order":0,"comment_status":"closed","ping_status":"closed","template":"template-blank-4.php","meta":{"footnotes":""},"class_list":["post-4243","page","type-page","status-publish","hentry","no-post-thumbnail"],"_links":{"self":[{"href":"https:\/\/ecc-event.com\/en\/wp-json\/wp\/v2\/pages\/4243","targetHints":{"allow":["GET"]}}],"collection":[{"href":"https:\/\/ecc-event.com\/en\/wp-json\/wp\/v2\/pages"}],"about":[{"href":"https:\/\/ecc-event.com\/en\/wp-json\/wp\/v2\/types\/page"}],"author":[{"embeddable":true,"href":"https:\/\/ecc-event.com\/en\/wp-json\/wp\/v2\/users\/8"}],"replies":[{"embeddable":true,"href":"https:\/\/ecc-event.com\/en\/wp-json\/wp\/v2\/comments?post=4243"}],"version-history":[{"count":5,"href":"https:\/\/ecc-event.com\/en\/wp-json\/wp\/v2\/pages\/4243\/revisions"}],"predecessor-version":[{"id":5545,"href":"https:\/\/ecc-event.com\/en\/wp-json\/wp\/v2\/pages\/4243\/revisions\/5545"}],"wp:attachment":[{"href":"https:\/\/ecc-event.com\/en\/wp-json\/wp\/v2\/media?parent=4243"}],"curies":[{"name":"wp","href":"https:\/\/api.w.org\/{rel}","templated":true}]}}