{"id":5149,"date":"2019-04-23T09:06:50","date_gmt":"2019-04-23T09:06:50","guid":{"rendered":"https:\/\/ecc-event.com\/ecc-2019\/"},"modified":"2019-10-04T09:37:42","modified_gmt":"2019-10-04T09:37:42","slug":"ecc-2019","status":"publish","type":"page","link":"https:\/\/ecc-event.com\/en\/ecc-2019\/","title":{"rendered":"ecc 2019"},"content":{"rendered":"<div id=\"cs-content\" class=\"cs-content\"><\/div>\n","protected":false},"excerpt":{"rendered":"<p>ecc 2019 Businesspartner &nbsp;&nbsp;K\u00e4lberdurchfall: Die richtige Strategie w\u00e4hlen Birte Ostermann-Palz, Elite Magazin Bei bis zu 60 Prozent der K\u00e4lber, die in den ersten zwei Lebensmonaten &#8230; <\/p>\n<div><a href=\"https:\/\/ecc-event.com\/en\/ecc-2019\/\" class=\"more-link\">Read More<\/a><\/div>\n","protected":false},"author":8,"featured_media":0,"parent":0,"menu_order":0,"comment_status":"closed","ping_status":"closed","template":"template-blank-4.php","meta":{"footnotes":""},"class_list":["post-5149","page","type-page","status-publish","hentry","no-post-thumbnail"],"_links":{"self":[{"href":"https:\/\/ecc-event.com\/en\/wp-json\/wp\/v2\/pages\/5149","targetHints":{"allow":["GET"]}}],"collection":[{"href":"https:\/\/ecc-event.com\/en\/wp-json\/wp\/v2\/pages"}],"about":[{"href":"https:\/\/ecc-event.com\/en\/wp-json\/wp\/v2\/types\/page"}],"author":[{"embeddable":true,"href":"https:\/\/ecc-event.com\/en\/wp-json\/wp\/v2\/users\/8"}],"replies":[{"embeddable":true,"href":"https:\/\/ecc-event.com\/en\/wp-json\/wp\/v2\/comments?post=5149"}],"version-history":[{"count":2,"href":"https:\/\/ecc-event.com\/en\/wp-json\/wp\/v2\/pages\/5149\/revisions"}],"predecessor-version":[{"id":5268,"href":"https:\/\/ecc-event.com\/en\/wp-json\/wp\/v2\/pages\/5149\/revisions\/5268"}],"wp:attachment":[{"href":"https:\/\/ecc-event.com\/en\/wp-json\/wp\/v2\/media?parent=5149"}],"curies":[{"name":"wp","href":"https:\/\/api.w.org\/{rel}","templated":true}]}}